{"id":53,"date":"2021-10-23T22:55:11","date_gmt":"2021-10-23T22:55:11","guid":{"rendered":"https:\/\/lacomunidadresponde.co\/?page_id=53"},"modified":"2021-11-02T19:54:41","modified_gmt":"2021-11-02T19:54:41","slug":"home","status":"publish","type":"page","link":"https:\/\/lacomunidadresponde.co\/","title":{"rendered":"La Comunidad Responde\/Community Response"},"content":{"rendered":"\n<h5 class=\"wp-block-heading\">La Comunidad Responde\/Community Response: An Oral History Project by the Students of Gregorio Luperon High School for Science and Mathematics<\/h5>\n\n\n\n<div style=\"height:62px\" aria-hidden=\"true\" class=\"wp-block-spacer\"><\/div>\n\n\n\n<p><strong>Interviewee: Elisa<\/strong><br><strong>Interviewed by: Anyely Quezada<\/strong><br><strong>May 20, 2021 <\/strong><\/p>\n\n\n\n<p>Anyely interviewed Elisa on May 20, 2020 about her experiences during the Covid-19 pandemic. Elisa explained how it affected her mental state as well as the positive and negative impacts it had on her home life. Elisa shared why she thought the pandemic had lasted so long and her thoughts and recommendations on how society could work together to end it. <\/p>\n\n\n\n<p class=\"has-text-align-left\">Anyely entrevist\u00f3 a Elisa el 20 de mayo de 2020 sobre su experiencia con respecto a la pandemia de Covid. Elisa explica c\u00f3mo afect\u00f3 su estado mental y los impactos positivos y negativos que tuvo en su vida familiar. Elisa comparte por qu\u00e9 cree que la pandemia ha durado tanto y sus pensamientos y recomendaciones sobre c\u00f3mo la sociedad puede trabajar unida para ponerle fin.<\/p>\n\n\n\n<div class=\"wp-block-buttons alignfull is-content-justification-left is-layout-flex wp-block-buttons-is-layout-flex\">\n<div class=\"wp-block-button has-custom-width wp-block-button__width-50 has-custom-font-size is-style-fill has-small-font-size\"><a class=\"wp-block-button__link has-podcaster-red-color has-light-gray-background-color has-text-color has-background\" href=\"https:\/\/lacomunidadresponde.co\/?page_id=80\" target=\"_blank\" rel=\"noreferrer noopener\">Oral History Audio and Transcript<\/a><\/div>\n<\/div>\n\n\n\n<hr class=\"wp-block-separator\"\/>\n\n\n\n<p><meta charset=\"utf-8\"><strong>Interviewee: Amber Ventura<\/strong><br><strong>Interviewed by: <meta charset=\"utf-8\">Gustavo Gil, Ivanna Vasquez, Yenilse Mu\u00f1oz<\/strong><br><strong>May 28, 2021<\/strong><\/p>\n\n\n\n<p>Gustavo Gil, Ivanna Vasquez, Yenilse Mu\u00f1oz interviewed Ambar Ventura, a teacher at Gregorio L\u00faperon High School on May 28, 2021. Ambar Ventura detailed how the Covid-19 pandemic had impacted her life socially, and mentally and the students at Gregorio L\u00faperon High School. She also discussed both the positive and negative aspects of virtual teaching. Ambar also expressed her concern over what school will be like next year considering the Department of Education&#8217;s new regulations.<\/p>\n\n\n\n<p>Gustavo Gil, Ivanna Vasquez, Yenilse Mu\u00f1oz entrevistaron a Ambar Ventura, profesor de la preparatoria Gregorio L\u00faperon en 28 de Mayo de 2021.. Ambar Ventura detalla c\u00f3mo la pandemia Covid-19 impact\u00f3 su vida social, mental y a los estudiantes de la preparatoria Gregorio L\u00faperon. Ella comparti\u00f3 los aspectos positivos y negativos de la ense\u00f1anza virtual. Ambar tambi\u00e9n habla de sus preocupaciones sobre c\u00f3mo ser\u00e1 la escuela el pr\u00f3ximo a\u00f1o considerando las nuevas regulaciones del Departamento de Educaci\u00f3n.<\/p>\n\n\n\n<div class=\"wp-block-buttons is-layout-flex wp-block-buttons-is-layout-flex\">\n<div class=\"wp-block-button has-custom-width wp-block-button__width-50 has-custom-font-size is-style-fill has-small-font-size\"><a class=\"wp-block-button__link has-podcaster-red-color has-light-gray-background-color has-text-color has-background\" href=\"https:\/\/lacomunidadresponde.co\/?page_id=99\" target=\"_blank\" rel=\"noreferrer noopener\">Oral History Audio and Transcript<\/a><\/div>\n<\/div>\n\n\n\n<hr class=\"wp-block-separator\"\/>\n\n\n\n<p><meta charset=\"utf-8\"><strong>Interviewee: <meta charset=\"utf-8\">Renzo Rodriguez<br>Interviewed by: <meta charset=\"utf-8\">Rendy Rodriguez<br>May 20, 2021<\/strong><\/p>\n\n\n\n<p>Rendy Rodriguez interviewed his father Renzo Rodriguez on May 20, 2021. Renzo discussed what life was like in the Bronx in March during the height of the Covid-19 pandemic. Renzo shared how his social life was impacted and an experience he witnessed that changed him as a person.<\/p>\n\n\n\n<p>Rendy Rodr\u00edguez entrevist\u00f3 a su padre Renzo Rodr\u00edguez el 20 de mayo de 2021. Renzo habl\u00f3 sobre c\u00f3mo era la vida en la Marcha del Bronx durante el apogeo de la pandemia Covid-19. Renzo comparti\u00f3 c\u00f3mo su vida social se vio afectada y una experiencia que presenci\u00f3 que lo cambi\u00f3 como persona.<\/p>\n\n\n\n<div class=\"wp-block-buttons is-layout-flex wp-block-buttons-is-layout-flex\">\n<div class=\"wp-block-button\"><a class=\"wp-block-button__link\" href=\"https:\/\/lacomunidadresponde.co\/?page_id=141\" target=\"_blank\" rel=\"noreferrer noopener\"><meta charset=\"utf-8\">Oral History Audio and Transcript<\/a><\/div>\n<\/div>\n\n\n\n<hr class=\"wp-block-separator\"\/>\n\n\n\n<p><meta charset=\"utf-8\"><strong>Interviewee: <meta charset=\"utf-8\"><meta charset=\"utf-8\">Daria Ines Soto<br>Interviewed by: <meta charset=\"utf-8\"><meta charset=\"utf-8\">Dvinci Tavera<br>May 20, 2021<\/strong><\/p>\n\n\n\n<p>Dvinci Tavera interviewed his friend Daria Ines on May 20, 2021. Daria shared the difficulties she faced with online learning during the Covid-19 pandemic and her preference for in person school. Daria explained why school and not being able to go out with family and friends was the biggest change for her during the pandemic.<\/p>\n\n\n\n<p>Dvinci Tavera entrevist\u00f3 a su amiga Daria Ines el 20 de mayo de 2021. Daria comparte las dificultades que enfrent\u00f3 con el aprendizaje en l\u00ednea durante la pandemia de Covid-19 y su preferencia por la escuela en persona. Daria explica por qu\u00e9 la escuela y no poder salir con familiares y amigos fue el mayor cambio para ella durante la pandemia.<\/p>\n\n\n\n<div class=\"wp-block-buttons is-layout-flex wp-block-buttons-is-layout-flex\">\n<div class=\"wp-block-button\"><a class=\"wp-block-button__link\" href=\"https:\/\/lacomunidadresponde.co\/?page_id=94\" target=\"_blank\" rel=\"noreferrer noopener\"><meta charset=\"utf-8\">Oral History Audio and Transcript<\/a><\/div>\n<\/div>\n\n\n\n<hr class=\"wp-block-separator\"\/>\n\n\n\n<p><meta charset=\"utf-8\"><strong>Interviewee: <meta charset=\"utf-8\"><meta charset=\"utf-8\"><meta charset=\"utf-8\">Gonzalo Avila<br>Interviewed by: <meta charset=\"utf-8\"><meta charset=\"utf-8\"><meta charset=\"utf-8\">Johana Espinoza<br>May 20, 2021<\/strong><\/p>\n\n\n\n<p>On May 20, 2021 Johana interviewed Gonzalo, a student at Gregorio Luper\u00f3n High School in New York City. <meta charset=\"utf-8\">Gonzalo explained aspects of his life before COVID-19 in which he enjoyed outings with family and friends. He then discussed the social and emotional changes he had seen in himself since having lived through COVID.<\/p>\n\n\n\n<p>Johana entrevist\u00f3 Gonzalo quien es una estudiante. \u00c9l le explic\u00f3 su vida antes COVID en que le gustaba salir con sus amigos y familia. Despu\u00e9s \u00e9l analiza los cambios sociales y emocionales que ha observado en s\u00ed mismo despu\u00e9s de COVID.<\/p>\n\n\n\n<div class=\"wp-block-buttons is-layout-flex wp-block-buttons-is-layout-flex\">\n<div class=\"wp-block-button\"><a class=\"wp-block-button__link\" href=\"https:\/\/lacomunidadresponde.co\/?page_id=104\" target=\"_blank\" rel=\"noreferrer noopener\"><meta charset=\"utf-8\">Oral History Audio and Transcript<\/a><\/div>\n<\/div>\n\n\n\n<hr class=\"wp-block-separator\"\/>\n\n\n\n<p><strong>Interviewee: <meta charset=\"utf-8\">Josmiluis Peralta <br>Interviewed by: <meta charset=\"utf-8\">Brianna Pichardo<br>May 20, 2021<\/strong><\/p>\n\n\n\n<p>Brianna Pichardo interviewed her friend Josmiluis Peralta on May 20, 2021 about his experience before and after the Covid-19 Pandemic. Josmiluis shared that before the pandemic he lived without fear of interacting with friends and family members. Now Josmiluis has learned to value the people closest to him more.<\/p>\n\n\n\n<p>Brianna entrevist\u00f3 a su amigo Josmiluis Peralta en 20 de Mayo de 2021 sobre su experiencia antes y despu\u00e9s de la pandemia Covid-19. Josmiluis ense\u00f1\u00f3 que antes de la pandemia \u00e9l viv\u00eda sin miedo de interactuar con amigos y miembros de su familia. Ahora Josmiluis has aprendido a valorar m\u00e1s a las personas mas cercanas a \u00e9l.<\/p>\n\n\n\n<div class=\"wp-block-buttons is-layout-flex wp-block-buttons-is-layout-flex\">\n<div class=\"wp-block-button\"><a class=\"wp-block-button__link\" href=\"https:\/\/lacomunidadresponde.co\/?page_id=117\" target=\"_blank\" rel=\"noreferrer noopener\"><meta charset=\"utf-8\">Oral History Audio and Transcript<\/a><\/div>\n<\/div>\n\n\n\n<hr class=\"wp-block-separator\"\/>\n\n\n\n<p><meta charset=\"utf-8\"><strong>Interviewee: <meta charset=\"utf-8\"><meta charset=\"utf-8\">Yesenia Cardoza de La Rosa <br>Interviewed by: <meta charset=\"utf-8\"><meta charset=\"utf-8\">Maryorie Rozon, Brianna Pichardo, and Josmiluis Peralta<br>May 20, 2021<\/strong><\/p>\n\n\n\n<p>Maryorie Rozon, Brianna Pichardo, and Josmiluis Peralta interviewed Yesenia Cardoza de La Rosa, the principal of Gregorio Luperon High School on May 20, 2021. Despite graduation rates having not effected graduation rates, Mrs. Cardoza de La Rosa detailed the emotional and digital challenges that she and the Gregorio Luperon community faced during the Covid-19 pandemic. Mrs. Cardoza de La Rosa explained how the pandemic had encouraged her to reflect on ways in which she could improve as a principal in order to better serve and support the needs of the students at the school.<\/p>\n\n\n\n<p>El equipo de Maryorie Rozon, Brianna Pichardo, and Josmiluis Peralta entrevist\u00f3 Yesenia Cardoza de La Rosa, la directora de Gregorio Luper\u00f3n High School en 20 de Mayo de 2021. <meta charset=\"utf-8\">Mrs. Cardoza de La Rosa ense\u00f1\u00f3 c\u00f3mo la pandemia no afect\u00f3 mucho en t\u00e9rminos de tasas de graduaci\u00f3n. Yesenia detalla las dificultades emocionales y digitales que ella y la comunidad de Gregorio Luperon como un entero enfrent\u00f3 por causa de la pandemia. Yesenia explica c\u00f3mo la pandemia ha alentado a reflexionar en maneras en que ella puede avanzar como una directora para que ella pueda servir y apoyar las necesidades de los ni\u00f1os en la escuela.<\/p>\n\n\n\n<div class=\"wp-block-buttons is-layout-flex wp-block-buttons-is-layout-flex\">\n<div class=\"wp-block-button\"><a class=\"wp-block-button__link\" href=\"https:\/\/lacomunidadresponde.co\/?page_id=122\" target=\"_blank\" rel=\"noreferrer noopener\"><meta charset=\"utf-8\">Oral History Audio and Transcript<\/a><\/div>\n<\/div>\n\n\n\n<hr class=\"wp-block-separator\"\/>\n\n\n\n<p><meta charset=\"utf-8\"><meta charset=\"utf-8\"><strong>Interviewee:<\/strong> <meta charset=\"utf-8\"><strong>Jazmin Marquez<\/strong><br><strong>Interviewed by: <meta charset=\"utf-8\"><meta charset=\"utf-8\"><meta charset=\"utf-8\">Brianny Garcia<br>May 26, 2021<\/strong><\/p>\n\n\n\n<p>Brianny Garcia interviewed Jazmin Marquez on May 26, 2021. Jazmin shared the impact that the Covid-19 pandemic had on her well-being. She learned to become more independent in regards to her education, by taking more time to learn the material on her own. Jazmin detailed how due to the pandemic she has spent more quality time with her family.&nbsp;<\/p>\n\n\n\n<p>Brianny Garcia entrevist\u00f3 Jazmin Marquez en 26 de Mayo de 2021. Jazmin ense\u00f1a el impacto que la pandemia de Covid-19 ten\u00eda en su bienestar. Ella aprendi\u00f3 a ser m\u00e1s independiente en lo respecta a su educaci\u00f3n, al dedicar m\u00e1s tiempo a aprender el material por su cuenta. Jazmin como debido a la pandemia pasa m\u00e1s tiempo de calidad con su familia.<\/p>\n\n\n\n<div class=\"wp-block-buttons is-layout-flex wp-block-buttons-is-layout-flex\">\n<div class=\"wp-block-button\"><a class=\"wp-block-button__link\" href=\"https:\/\/lacomunidadresponde.co\/?page_id=135\" target=\"_blank\" rel=\"noreferrer noopener\">Oral History Audio and Transcript<\/a><\/div>\n<\/div>\n\n\n\n<hr class=\"wp-block-separator\"\/>\n\n\n\n<p><meta charset=\"utf-8\"><strong>Interviewee:<\/strong> <meta charset=\"utf-8\"><strong><meta charset=\"utf-8\">Sherly<\/strong><br><strong>Interviewed by: <meta charset=\"utf-8\"><meta charset=\"utf-8\"><meta charset=\"utf-8\"><meta charset=\"utf-8\">Yenilsse Munoz<br>May 20, 2021<\/strong><\/p>\n\n\n\n<p>Yenilsse Munoz interviewed her friend Sherly on May 20, 2021. Sherly explained how she felt at the beginning of the Covid-19 pandemic and what a typical day was like for her during the pandemic. She then shared how the pandemic had impacted her emotionally and prompted a lot of reflection. Sherly discussed how she believed that she has matured because of it.<\/p>\n\n\n\n<p>Yenilsse Munoz entrevist\u00f3 a su amiga Sherly en 20 de Mayo de 2021. Sherly explic\u00f3 c\u00f3mo se sinti\u00f3 al comienzo de la pandemia y c\u00f3mo fue un d\u00eda t\u00edpico para ella durante de la pandemia. Luego comparte c\u00f3mo la pandemia la ha impactado emocionalmente y provocado mucha reflexi\u00f3n. Sherly comenta c\u00f3mo cree que ha madurado gracias a eso.<\/p>\n\n\n\n<div class=\"wp-block-buttons is-layout-flex wp-block-buttons-is-layout-flex\">\n<div class=\"wp-block-button\"><a class=\"wp-block-button__link\" href=\"https:\/\/lacomunidadresponde.co\/?page_id=110\" target=\"_blank\" rel=\"noreferrer noopener\">Oral History Audio and Transcript<\/a><\/div>\n<\/div>\n\n\n\n<hr class=\"wp-block-separator\"\/>\n\n\n\n<p><meta charset=\"utf-8\"><strong>Interviewee:<\/strong> <meta charset=\"utf-8\"><strong><meta charset=\"utf-8\">Friend<\/strong><br><strong>Interviewed by: Scarlet Nu\u00f1ez<br>May 20, 2021<\/strong><\/p>\n\n\n\n<p>On May 20th, 2021 Scarlet Nu\u00f1ez interviewed a friend. The friend shared the fear she felt when the pandemic began. She discussed missing playing volleyball, and how being socially isolated affected her. However, she was glad that she had developed new skills such as drawing and expressed hope for the future. <\/p>\n\n\n\n<div class=\"wp-block-buttons is-layout-flex wp-block-buttons-is-layout-flex\">\n<div class=\"wp-block-button\"><a class=\"wp-block-button__link\" href=\"https:\/\/lacomunidadresponde.co\/?page_id=129\" target=\"_blank\" rel=\"noreferrer noopener\">Oral History Audio and Transcript<\/a><\/div>\n<\/div>\n\n\n\n<hr class=\"wp-block-separator\"\/>\n","protected":false},"excerpt":{"rendered":"<p>La Comunidad Responde\/Community Response: An Oral History Project by the Students of Gregorio Luperon High School for Science and Mathematics Interviewee: ElisaInterviewed by: Anyely QuezadaMay 20, 2021 Anyely interviewed Elisa on May 20, 2020 about her experiences during the Covid-19 pandemic. Elisa explained how it affected her mental state as well as the positive and [&hellip;]<\/p>\n","protected":false},"author":1,"featured_media":176,"parent":0,"menu_order":0,"comment_status":"closed","ping_status":"closed","template":"","meta":{"om_disable_all_campaigns":false,"_monsterinsights_skip_tracking":false,"_monsterinsights_sitenote_active":false,"_monsterinsights_sitenote_note":"","_monsterinsights_sitenote_category":0,"footnotes":""},"class_list":["post-53","page","type-page","status-publish","has-post-thumbnail","hentry"],"aioseo_notices":[],"jetpack_sharing_enabled":true,"_links":{"self":[{"href":"https:\/\/lacomunidadresponde.co\/index.php?rest_route=\/wp\/v2\/pages\/53","targetHints":{"allow":["GET"]}}],"collection":[{"href":"https:\/\/lacomunidadresponde.co\/index.php?rest_route=\/wp\/v2\/pages"}],"about":[{"href":"https:\/\/lacomunidadresponde.co\/index.php?rest_route=\/wp\/v2\/types\/page"}],"author":[{"embeddable":true,"href":"https:\/\/lacomunidadresponde.co\/index.php?rest_route=\/wp\/v2\/users\/1"}],"replies":[{"embeddable":true,"href":"https:\/\/lacomunidadresponde.co\/index.php?rest_route=%2Fwp%2Fv2%2Fcomments&post=53"}],"version-history":[{"count":4,"href":"https:\/\/lacomunidadresponde.co\/index.php?rest_route=\/wp\/v2\/pages\/53\/revisions"}],"predecessor-version":[{"id":230,"href":"https:\/\/lacomunidadresponde.co\/index.php?rest_route=\/wp\/v2\/pages\/53\/revisions\/230"}],"wp:featuredmedia":[{"embeddable":true,"href":"https:\/\/lacomunidadresponde.co\/index.php?rest_route=\/wp\/v2\/media\/176"}],"wp:attachment":[{"href":"https:\/\/lacomunidadresponde.co\/index.php?rest_route=%2Fwp%2Fv2%2Fmedia&parent=53"}],"curies":[{"name":"wp","href":"https:\/\/api.w.org\/{rel}","templated":true}]}}